{"id":27004890,"date":"2025-02-28T16:06:03","date_gmt":"2025-02-28T16:06:03","guid":{"rendered":"https:\/\/fourhands.site\/estructura2\/?page_id=27004890"},"modified":"2025-02-28T17:21:15","modified_gmt":"2025-02-28T17:21:15","slug":"contact-us","status":"publish","type":"page","link":"https:\/\/fourhands.mx\/index.php\/en\/contact-us\/","title":{"rendered":"Contact Us"},"content":{"rendered":"<p>[et_pb_section fb_built=\u00bb1&#8243; custom_padding_last_edited=\u00bbon|phone\u00bb _builder_version=\u00bb4.27.4&#8243; _module_preset=\u00bbdefault\u00bb use_background_color_gradient=\u00bbon\u00bb background_color_gradient_type=\u00bbcircular\u00bb background_color_gradient_direction_radial=\u00bbtop left\u00bb background_color_gradient_stops=\u00bbrgba(5,45,97,0.6) 0%|rgba(5,45,97,0.6) 100%\u00bb background_color_gradient_overlays_image=\u00bbon\u00bb background_image=\u00bbhttps:\/\/fourhands.mx\/wp-content\/uploads\/2025\/02\/f-contacto.png\u00bb parallax=\u00bbon\u00bb parallax_method=\u00bboff\u00bb custom_margin_tablet=\u00bb0px||||false|false\u00bb custom_margin_phone=\u00bb0px||||false|false\u00bb custom_margin_last_edited=\u00bbon|phone\u00bb custom_padding=\u00bb35vh||20vh||false|false\u00bb custom_padding_tablet=\u00bb15vh||15vh||false|false\u00bb custom_padding_phone=\u00bb10vh||10vh||false|false\u00bb bottom_divider_color=\u00bb#FFFFFF\u00bb bottom_divider_height_tablet=\u00bb50px\u00bb bottom_divider_height_phone=\u00bb25px\u00bb bottom_divider_height_last_edited=\u00bbon|desktop\u00bb border_color_bottom=\u00bb#572A31&#8243; locked=\u00bboff\u00bb global_colors_info=\u00bb{}\u00bb theme_builder_area=\u00bbpost_content\u00bb][et_pb_row use_custom_gutter=\u00bbon\u00bb gutter_width=\u00bb2&#8243; make_equal=\u00bbon\u00bb _builder_version=\u00bb4.27.4&#8243; _module_preset=\u00bbdefault\u00bb width=\u00bb100%\u00bb max_width=\u00bb95%\u00bb module_alignment=\u00bbleft\u00bb custom_margin=\u00bb||||false|false\u00bb custom_padding=\u00bb0px|5%|0px|5%|true|false\u00bb border_radii=\u00bboff||||\u00bb global_colors_info=\u00bb{}\u00bb theme_builder_area=\u00bbpost_content\u00bb][et_pb_column type=\u00bb4_4&#8243; _builder_version=\u00bb4.27.4&#8243; _module_preset=\u00bbdefault\u00bb background_enable_color=\u00bboff\u00bb custom_padding=\u00bb||||false|false\u00bb custom_css_main_element=\u00bbmargin: auto;\u00bb global_colors_info=\u00bb{}\u00bb theme_builder_area=\u00bbpost_content\u00bb][dipi_breadcrumbs bc_home_icon=\u00bboff\u00bb bc_separator_color=\u00bb#FFFFFF\u00bb _builder_version=\u00bb4.27.4&#8243; _module_preset=\u00bbdefault\u00bb items_font=\u00bbMontserrat|500|||||||\u00bb items_text_color=\u00bbrgba(255,255,255,0.85)\u00bb hover_text_color=\u00bb#FFFFFF\u00bb active_text_color=\u00bb#FFFFFF\u00bb custom_margin=\u00bb||1%||false|false\u00bb custom_margin_tablet=\u00bb||1%||false|false\u00bb custom_margin_phone=\u00bb||2%||false|false\u00bb custom_margin_last_edited=\u00bbon|phone\u00bb animation_style=\u00bbslide\u00bb animation_direction=\u00bbtop\u00bb animation_duration=\u00bb1200ms\u00bb animation_intensity_slide=\u00bb10%\u00bb animation_speed_curve=\u00bbease\u00bb global_colors_info=\u00bb{}\u00bb theme_builder_area=\u00bbpost_content\u00bb][\/dipi_breadcrumbs][et_pb_text _builder_version=\u00bb4.27.4&#8243; _module_preset=\u00bbdefault\u00bb header_font=\u00bbMontserrat|600|||||||\u00bb header_text_align=\u00bbleft\u00bb header_text_color=\u00bb#FFFFFF\u00bb header_font_size=\u00bb42px\u00bb header_line_height=\u00bb1.4em\u00bb max_width=\u00bb22%\u00bb max_width_tablet=\u00bb45%\u00bb max_width_phone=\u00bb55%\u00bb max_width_last_edited=\u00bbon|phone\u00bb custom_padding=\u00bb0%||0%|1%|false|false\u00bb animation_style=\u00bbfade\u00bb animation_direction=\u00bbright\u00bb animation_duration=\u00bb1200ms\u00bb animation_delay=\u00bb200ms\u00bb animation_speed_curve=\u00bbease\u00bb hover_enabled=\u00bb0&#8243; header_font_size_tablet=\u00bb42px\u00bb header_font_size_phone=\u00bb26px\u00bb header_font_size_last_edited=\u00bbon|phone\u00bb box_shadow_style=\u00bbpreset7&#8243; box_shadow_horizontal=\u00bb-6px\u00bb box_shadow_vertical=\u00bb-6px\u00bb box_shadow_color=\u00bb#AA9396&#8243; box_shadow_horizontal_tablet=\u00bb-6px\u00bb box_shadow_horizontal_phone=\u00bb-4px\u00bb box_shadow_horizontal_last_edited=\u00bbon|phone\u00bb box_shadow_vertical_tablet=\u00bb-6px\u00bb box_shadow_vertical_phone=\u00bb-4px\u00bb box_shadow_vertical_last_edited=\u00bbon|phone\u00bb global_colors_info=\u00bb{}\u00bb theme_builder_area=\u00bbpost_content\u00bb sticky_enabled=\u00bb0&#8243;]<\/p>\n<h1>Contact us<\/h1>\n<p>[\/et_pb_text][\/et_pb_column][\/et_pb_row][\/et_pb_section][et_pb_section fb_built=\u00bb1&#8243; _builder_version=\u00bb4.27.4&#8243; _module_preset=\u00bbdefault\u00bb background_color=\u00bb#FFFFFF\u00bb background_enable_image=\u00bboff\u00bb background_size=\u00bbinitial\u00bb background_position=\u00bbtop_left\u00bb custom_padding=\u00bb2px||0px||false|false\u00bb locked=\u00bboff\u00bb global_colors_info=\u00bb{}\u00bb theme_builder_area=\u00bbpost_content\u00bb][et_pb_row column_structure=\u00bb3_5,2_5&#8243; use_custom_gutter=\u00bbon\u00bb gutter_width=\u00bb1&#8243; make_equal=\u00bbon\u00bb custom_padding_last_edited=\u00bbon|phone\u00bb _builder_version=\u00bb4.27.4&#8243; _module_preset=\u00bbdefault\u00bb background_color=\u00bb#ffffff\u00bb z_index=\u00bb2&#8243; width=\u00bb100%\u00bb width_tablet=\u00bb90%\u00bb width_phone=\u00bb90%\u00bb width_last_edited=\u00bbon|phone\u00bb custom_margin=\u00bb-85px||0px||false|false\u00bb custom_margin_tablet=\u00bb-60px||||false|false\u00bb custom_margin_phone=\u00bb-45px||||false|false\u00bb custom_margin_last_edited=\u00bbon|tablet\u00bb custom_padding=\u00bb0px||0px||false|false\u00bb custom_padding_tablet=\u00bb60px||0px||false|false\u00bb custom_padding_phone=\u00bb0px||0px||true|false\u00bb animation_style=\u00bbslide\u00bb animation_direction=\u00bbtop\u00bb animation_duration=\u00bb1200ms\u00bb animation_intensity_slide=\u00bb5%\u00bb animation_speed_curve=\u00bbease\u00bb border_radii=\u00bboff|10px|10px||\u00bb box_shadow_style=\u00bbpreset1&#8243; box_shadow_blur=\u00bb50px\u00bb box_shadow_color=\u00bbrgba(11,33,84,0.09)\u00bb global_colors_info=\u00bb{}\u00bb theme_builder_area=\u00bbpost_content\u00bb][et_pb_column type=\u00bb3_5&#8243; _builder_version=\u00bb4.27.4&#8243; _module_preset=\u00bbdefault\u00bb custom_padding=\u00bb45px|40px|45px|40px|true|true\u00bb custom_padding_tablet=\u00bb0px|40px|0px|40px|true|true\u00bb custom_padding_phone=\u00bb30px|30px|30px|30px|true|true\u00bb custom_padding_last_edited=\u00bbon|phone\u00bb global_colors_info=\u00bb{}\u00bb theme_builder_area=\u00bbpost_content\u00bb][et_pb_contact_form captcha=\u00bboff\u00bb email=\u00bbinfo@fourhands.mx\u00bb title=\u00bbSend us a message\u00bb custom_message=\u00bbHello!||et_pb_line_break_holder||||et_pb_line_break_holder||This message has been sent from the website.||et_pb_line_break_holder||||et_pb_line_break_holder||Name: %%txtNombre%%||et_pb_line_break_holder||||et_pb_line_break_holder||Email: %%txtCorreo%%||et_pb_line_break_holder||||et_pb_line_break_holder||Phone: %%txtTel%%||et_pb_line_break_holder||||et_pb_line_break_holder||Message: ||et_pb_line_break_holder||||et_pb_line_break_holder||%%txtMensaje%%||et_pb_line_break_holder||||et_pb_line_break_holder||Gracias.\u00bb success_message=\u00bbThank you for writing to us! We have received your message and will get back to you shortly. We will be sure to get back to you as soon as possible.\u00bb submit_button_text=\u00bbSend\u00bb _builder_version=\u00bb4.27.4&#8243; _module_preset=\u00bbdefault\u00bb _unique_id=\u00bbe84e1e7c-b9c9-4bd2-a639-29142008634d\u00bb form_field_background_color=\u00bb#f9f9f9&#8243; form_field_focus_text_color=\u00bb#572A31&#8243; form_field_custom_margin=\u00bb||8px||false|false\u00bb form_field_custom_padding=\u00bb12px||12px||true|false\u00bb title_font=\u00bbMontserrat|500|||||||\u00bb title_text_color=\u00bb#052D61&#8243; title_font_size=\u00bb24px\u00bb form_field_font=\u00bbMontserrat||||||||\u00bb form_field_font_size=\u00bb14px\u00bb form_field_line_height=\u00bb1.4em\u00bb background_color=\u00bb#FFFFFF\u00bb custom_button=\u00bbon\u00bb button_text_size=\u00bb16px\u00bb button_text_color=\u00bb#FFFFFF\u00bb button_bg_color=\u00bb#AA9396&#8243; button_border_width=\u00bb0px\u00bb button_border_radius=\u00bb100px\u00bb button_letter_spacing=\u00bb0.5px\u00bb button_font=\u00bbMontserrat|||on|||||\u00bb button_icon=\u00bb&#xf4ad;||fa||900&#8243; button_icon_color=\u00bb#AA9396&#8243; button_custom_margin=\u00bb10px||0px||false|false\u00bb button_custom_padding=\u00bb8px|20px|8px|20px|true|true\u00bb hover_enabled=\u00bb0&#8243; title_font_size_tablet=\u00bb24px\u00bb title_font_size_phone=\u00bb18px\u00bb title_font_size_last_edited=\u00bbon|phone\u00bb form_field_font_size_tablet=\u00bb16px\u00bb form_field_font_size_phone=\u00bb13px\u00bb form_field_font_size_last_edited=\u00bbon|phone\u00bb button_text_size_tablet=\u00bb16px\u00bb button_text_size_phone=\u00bb14px\u00bb button_text_size_last_edited=\u00bbon|phone\u00bb custom_css_free_form=\u00bb\/* Styling for contact button *\/||.et_pb_module .et_pb_contact_submit,||.et_pb_module .et_contact_bottom_container {||  width: 100% !important;||}\u00bb border_radii=\u00bbon|5px|5px|5px|5px\u00bb box_shadow_style_button=\u00bbpreset7&#8243; box_shadow_horizontal_button=\u00bb0px\u00bb box_shadow_vertical_button=\u00bb0px\u00bb box_shadow_color_button=\u00bb#572A31&#8243; locked=\u00bboff\u00bb global_colors_info=\u00bb{}\u00bb button_bg_color__hover_enabled=\u00bboff|hover\u00bb button_custom_padding__hover_enabled=\u00bbon|hover\u00bb button_custom_padding__hover=\u00bb8px|40px|8px|20px|true|false\u00bb button_border_radius__hover_enabled=\u00bbon|desktop\u00bb button_border_radius__hover=\u00bb0px\u00bb button_bg_enable_color__hover=\u00bbon\u00bb box_shadow_horizontal_button__hover_enabled=\u00bboff|hover\u00bb box_shadow_vertical_button__hover_enabled=\u00bbon|hover\u00bb box_shadow_vertical_button__hover=\u00bb-200px\u00bb theme_builder_area=\u00bbpost_content\u00bb sticky_enabled=\u00bb0&#8243;][et_pb_contact_field field_id=\u00bbtxtNombre\u00bb field_title=\u00bbName\u00bb _builder_version=\u00bb4.27.4&#8243; hover_enabled=\u00bb0&#8243; global_colors_info=\u00bb{}\u00bb button_text_size__hover_enabled=\u00bboff\u00bb button_one_text_size__hover_enabled=\u00bboff\u00bb button_two_text_size__hover_enabled=\u00bboff\u00bb button_text_color__hover_enabled=\u00bboff\u00bb button_one_text_color__hover_enabled=\u00bboff\u00bb button_two_text_color__hover_enabled=\u00bboff\u00bb button_border_width__hover_enabled=\u00bboff\u00bb button_one_border_width__hover_enabled=\u00bboff\u00bb button_two_border_width__hover_enabled=\u00bboff\u00bb button_border_color__hover_enabled=\u00bboff\u00bb button_one_border_color__hover_enabled=\u00bboff\u00bb button_two_border_color__hover_enabled=\u00bboff\u00bb button_border_radius__hover_enabled=\u00bboff\u00bb button_one_border_radius__hover_enabled=\u00bboff\u00bb button_two_border_radius__hover_enabled=\u00bboff\u00bb button_letter_spacing__hover_enabled=\u00bboff\u00bb button_one_letter_spacing__hover_enabled=\u00bboff\u00bb button_two_letter_spacing__hover_enabled=\u00bboff\u00bb button_bg_color__hover_enabled=\u00bboff\u00bb button_one_bg_color__hover_enabled=\u00bboff\u00bb button_two_bg_color__hover_enabled=\u00bboff\u00bb theme_builder_area=\u00bbpost_content\u00bb sticky_enabled=\u00bb0&#8243;][\/et_pb_contact_field][et_pb_contact_field field_id=\u00bbtxtTel\u00bb field_title=\u00bbPhone\u00bb _builder_version=\u00bb4.27.4&#8243; _module_preset=\u00bbdefault\u00bb hover_enabled=\u00bb0&#8243; global_colors_info=\u00bb{}\u00bb theme_builder_area=\u00bbpost_content\u00bb sticky_enabled=\u00bb0&#8243;][\/et_pb_contact_field][et_pb_contact_field field_id=\u00bbtxtCorreo\u00bb field_title=\u00bbEmail\u00bb field_type=\u00bbemail\u00bb fullwidth_field=\u00bbon\u00bb _builder_version=\u00bb4.27.4&#8243; hover_enabled=\u00bb0&#8243; global_colors_info=\u00bb{}\u00bb button_text_size__hover_enabled=\u00bboff\u00bb button_one_text_size__hover_enabled=\u00bboff\u00bb button_two_text_size__hover_enabled=\u00bboff\u00bb button_text_color__hover_enabled=\u00bboff\u00bb button_one_text_color__hover_enabled=\u00bboff\u00bb button_two_text_color__hover_enabled=\u00bboff\u00bb button_border_width__hover_enabled=\u00bboff\u00bb button_one_border_width__hover_enabled=\u00bboff\u00bb button_two_border_width__hover_enabled=\u00bboff\u00bb button_border_color__hover_enabled=\u00bboff\u00bb button_one_border_color__hover_enabled=\u00bboff\u00bb button_two_border_color__hover_enabled=\u00bboff\u00bb button_border_radius__hover_enabled=\u00bboff\u00bb button_one_border_radius__hover_enabled=\u00bboff\u00bb button_two_border_radius__hover_enabled=\u00bboff\u00bb button_letter_spacing__hover_enabled=\u00bboff\u00bb button_one_letter_spacing__hover_enabled=\u00bboff\u00bb button_two_letter_spacing__hover_enabled=\u00bboff\u00bb button_bg_color__hover_enabled=\u00bboff\u00bb button_one_bg_color__hover_enabled=\u00bboff\u00bb button_two_bg_color__hover_enabled=\u00bboff\u00bb theme_builder_area=\u00bbpost_content\u00bb sticky_enabled=\u00bb0&#8243;][\/et_pb_contact_field][et_pb_contact_field field_id=\u00bbtxtMensaje\u00bb field_title=\u00bbMessage\u00bb field_type=\u00bbtext\u00bb fullwidth_field=\u00bbon\u00bb _builder_version=\u00bb4.27.4&#8243; hover_enabled=\u00bb0&#8243; global_colors_info=\u00bb{}\u00bb button_text_size__hover_enabled=\u00bboff\u00bb button_one_text_size__hover_enabled=\u00bboff\u00bb button_two_text_size__hover_enabled=\u00bboff\u00bb button_text_color__hover_enabled=\u00bboff\u00bb button_one_text_color__hover_enabled=\u00bboff\u00bb button_two_text_color__hover_enabled=\u00bboff\u00bb button_border_width__hover_enabled=\u00bboff\u00bb button_one_border_width__hover_enabled=\u00bboff\u00bb button_two_border_width__hover_enabled=\u00bboff\u00bb button_border_color__hover_enabled=\u00bboff\u00bb button_one_border_color__hover_enabled=\u00bboff\u00bb button_two_border_color__hover_enabled=\u00bboff\u00bb button_border_radius__hover_enabled=\u00bboff\u00bb button_one_border_radius__hover_enabled=\u00bboff\u00bb button_two_border_radius__hover_enabled=\u00bboff\u00bb button_letter_spacing__hover_enabled=\u00bboff\u00bb button_one_letter_spacing__hover_enabled=\u00bboff\u00bb button_two_letter_spacing__hover_enabled=\u00bboff\u00bb button_bg_color__hover_enabled=\u00bboff\u00bb button_one_bg_color__hover_enabled=\u00bboff\u00bb button_two_bg_color__hover_enabled=\u00bboff\u00bb theme_builder_area=\u00bbpost_content\u00bb sticky_enabled=\u00bb0&#8243;][\/et_pb_contact_field][\/et_pb_contact_form][\/et_pb_column][et_pb_column type=\u00bb2_5&#8243; _builder_version=\u00bb4.27.4&#8243; _module_preset=\u00bbdefault\u00bb background_enable_color=\u00bboff\u00bb use_background_color_gradient=\u00bbon\u00bb background_color_gradient_direction=\u00bb135deg\u00bb background_color_gradient_stops=\u00bb#f4f4f4 92%|#572a31 92%\u00bb custom_padding=\u00bb50px|40px|50px|40px|true|true\u00bb custom_padding_tablet=\u00bb40px|40px|40px|40px|true|true\u00bb custom_padding_phone=\u00bb30px|30px|30px|30px|true|true\u00bb custom_padding_last_edited=\u00bbon|phone\u00bb global_colors_info=\u00bb{}\u00bb theme_builder_area=\u00bbpost_content\u00bb][et_pb_text _builder_version=\u00bb4.27.4&#8243; _module_preset=\u00bbdefault\u00bb text_text_color=\u00bb#052D61&#8243; header_font=\u00bbMontserrat|600|||||||\u00bb header_text_color=\u00bb#052D61&#8243; header_line_height=\u00bb1.2em\u00bb custom_margin=\u00bb||1%||false|false\u00bb custom_margin_tablet=\u00bb||2%||false|false\u00bb custom_margin_phone=\u00bb||2%||false|false\u00bb custom_margin_last_edited=\u00bbon|tablet\u00bb animation_direction=\u00bbbottom\u00bb hover_enabled=\u00bb0&#8243; header_font_size_tablet=\u00bb30px\u00bb header_font_size_phone=\u00bb20px\u00bb header_font_size_last_edited=\u00bbon|phone\u00bb locked=\u00bboff\u00bb global_colors_info=\u00bb{}\u00bb theme_builder_area=\u00bbpost_content\u00bb sticky_enabled=\u00bb0&#8243;]<\/p>\n<h1>Contact Information<\/h1>\n<p>[\/et_pb_text][et_pb_divider color=\u00bb#AA9396&#8243; divider_weight=\u00bb3px\u00bb _builder_version=\u00bb4.27.4&#8243; _module_preset=\u00bbdefault\u00bb width=\u00bb10%\u00bb width_tablet=\u00bb10%\u00bb width_phone=\u00bb15%\u00bb width_last_edited=\u00bbon|tablet\u00bb custom_margin=\u00bb||2%||false|false\u00bb custom_margin_tablet=\u00bb||0px||false|false\u00bb custom_margin_phone=\u00bb||-1%||false|false\u00bb custom_margin_last_edited=\u00bbon|tablet\u00bb locked=\u00bboff\u00bb global_colors_info=\u00bb{}\u00bb theme_builder_area=\u00bbpost_content\u00bb][\/et_pb_divider][et_pb_blurb title=\u00bbEmail\u00bb use_icon=\u00bbon\u00bb font_icon=\u00bb&#xf0e0;||fa||900&#8243; icon_color=\u00bb#052D61&#8243; image_icon_background_color=\u00bbRGBA(255,255,255,0)\u00bb icon_placement=\u00bbleft\u00bb image_icon_width=\u00bb24px\u00bb content_max_width=\u00bb100%\u00bb image_icon_width_tablet=\u00bb24px\u00bb image_icon_width_phone=\u00bb18px\u00bb image_icon_width_last_edited=\u00bbon|phone\u00bb disabled_on=\u00bboff|off|off\u00bb _builder_version=\u00bb4.27.4&#8243; _module_preset=\u00bbdefault\u00bb header_font=\u00bbMontserrat|600|||||||\u00bb header_text_color=\u00bb#1F1F1F\u00bb header_font_size=\u00bb16px\u00bb body_font=\u00bbMontserrat||||||||\u00bb body_text_color=\u00bbRGBA(31,31,31,0.8)\u00bb body_font_size=\u00bb16px\u00bb body_line_height=\u00bb1.4em\u00bb body_link_text_color=\u00bbRGBA(31,31,31,0.8)\u00bb image_icon_custom_padding=\u00bb10px|10px|10px|10px|true|true\u00bb transform_translate_linked__hover=\u00bboff\u00bb width=\u00bb100%\u00bb max_width=\u00bb100%\u00bb custom_margin=\u00bb||6%||false|false\u00bb custom_margin_tablet=\u00bb||5%||false|false\u00bb custom_margin_phone=\u00bb||7%||false|false\u00bb custom_margin_last_edited=\u00bbon|tablet\u00bb animation_direction=\u00bbright\u00bb animation=\u00bboff\u00bb hover_enabled=\u00bb0&#8243; header_font_size_tablet=\u00bb16px\u00bb header_font_size_phone=\u00bb13px\u00bb header_font_size_last_edited=\u00bbon|phone\u00bb body_font_size_tablet=\u00bb16px\u00bb body_font_size_phone=\u00bb14px\u00bb body_font_size_last_edited=\u00bbon|phone\u00bb body_link_font_size_tablet=\u00bb\u00bb body_link_font_size_phone=\u00bb14px\u00bb body_link_font_size_last_edited=\u00bbon|phone\u00bb border_radii_image=\u00bbon|100vw|100vw|100vw|100vw\u00bb border_width_all_image=\u00bb2px\u00bb border_color_all_image=\u00bb#AA9396&#8243; locked=\u00bboff\u00bb global_colors_info=\u00bb{}\u00bb body_link_text_color__hover_enabled=\u00bbon|hover\u00bb body_link_text_color__hover=\u00bb#AA9396&#8243; image_icon_background_color__hover_enabled=\u00bbon|hover\u00bb image_icon_background_color__hover=\u00bb#052D61&#8243; transform_styles__hover_enabled=\u00bbon|hover\u00bb transform_scale__hover_enabled=\u00bbon|desktop\u00bb transform_translate__hover_enabled=\u00bbon|hover\u00bb transform_rotate__hover_enabled=\u00bbon|desktop\u00bb transform_skew__hover_enabled=\u00bbon|desktop\u00bb transform_origin__hover_enabled=\u00bbon|desktop\u00bb transform_translate__hover=\u00bb3px|0px\u00bb icon_color__hover_enabled=\u00bbon|desktop\u00bb icon_color__hover=\u00bb#FCFCFC\u00bb border_color_all_image__hover_enabled=\u00bbon|desktop\u00bb border_color_all_image__hover=\u00bbRGBA(255,255,255,0)\u00bb theme_builder_area=\u00bbpost_content\u00bb sticky_enabled=\u00bb0&#8243;]<\/p>\n<p><a href=\"mailto:info@fourhands.mx\" class=\"wixui-rich-text__text\"><span class=\"wixui-rich-text__text\">info@fourhands.mx<\/span><\/a><\/p>\n<p>[\/et_pb_blurb][et_pb_blurb title=\u00bbLocation\u00bb use_icon=\u00bbon\u00bb font_icon=\u00bb&#xe081;||divi||400&#8243; icon_color=\u00bb#052D61&#8243; image_icon_background_color=\u00bbRGBA(255,255,255,0)\u00bb icon_placement=\u00bbleft\u00bb image_icon_width=\u00bb24px\u00bb content_max_width=\u00bb100%\u00bb image_icon_width_tablet=\u00bb24px\u00bb image_icon_width_phone=\u00bb18px\u00bb image_icon_width_last_edited=\u00bbon|phone\u00bb disabled_on=\u00bboff|off|off\u00bb _builder_version=\u00bb4.27.4&#8243; _module_preset=\u00bbdefault\u00bb header_font=\u00bbMontserrat|600|||||||\u00bb header_text_color=\u00bb#1F1F1F\u00bb header_font_size=\u00bb16px\u00bb body_font=\u00bbMontserrat||||||||\u00bb body_text_color=\u00bbRGBA(31,31,31,0.8)\u00bb body_font_size=\u00bb16px\u00bb body_line_height=\u00bb1.4em\u00bb body_link_text_color=\u00bbRGBA(31,31,31,0.8)\u00bb image_icon_custom_padding=\u00bb10px|10px|10px|10px|true|true\u00bb width=\u00bb100%\u00bb max_width=\u00bb100%\u00bb custom_margin=\u00bb||6%||false|false\u00bb custom_margin_tablet=\u00bb||5%||false|false\u00bb custom_margin_phone=\u00bb||7%||false|false\u00bb custom_margin_last_edited=\u00bbon|tablet\u00bb animation_direction=\u00bbright\u00bb animation=\u00bboff\u00bb hover_enabled=\u00bb0&#8243; header_font_size_tablet=\u00bb16px\u00bb header_font_size_phone=\u00bb13px\u00bb header_font_size_last_edited=\u00bbon|phone\u00bb body_font_size_tablet=\u00bb16px\u00bb body_font_size_phone=\u00bb14px\u00bb body_font_size_last_edited=\u00bbon|phone\u00bb body_link_font_size_tablet=\u00bb\u00bb body_link_font_size_phone=\u00bb14px\u00bb body_link_font_size_last_edited=\u00bbon|phone\u00bb border_radii_image=\u00bbon|100vw|100vw|100vw|100vw\u00bb border_width_all_image=\u00bb2px\u00bb border_color_all_image=\u00bb#AA9396&#8243; locked=\u00bboff\u00bb global_colors_info=\u00bb{}\u00bb body_link_text_color__hover_enabled=\u00bbon|hover\u00bb body_link_text_color__hover=\u00bb#AA9396&#8243; image_icon_background_color__hover_enabled=\u00bbon|hover\u00bb image_icon_background_color__hover=\u00bb#052D61&#8243; transform_styles__hover_enabled=\u00bbon|hover\u00bb icon_color__hover_enabled=\u00bbon|desktop\u00bb icon_color__hover=\u00bb#FCFCFC\u00bb border_color_all_image__hover_enabled=\u00bbon|desktop\u00bb border_color_all_image__hover=\u00bbRGBA(255,255,255,0)\u00bb transform_scale__hover_enabled=\u00bbon|desktop\u00bb transform_translate__hover=\u00bb3px|0px\u00bb transform_translate__hover_enabled=\u00bbon|hover\u00bb transform_rotate__hover_enabled=\u00bbon|desktop\u00bb transform_skew__hover_enabled=\u00bbon|desktop\u00bb transform_origin__hover_enabled=\u00bbon|desktop\u00bb theme_builder_area=\u00bbpost_content\u00bb sticky_enabled=\u00bb0&#8243;]<\/p>\n<p class=\"font_8 wixui-rich-text__text\"><a href=\"https:\/\/www.google.com\/maps\/place\/V%C3%ADa+Asinaria+311,+Fuentes+del+Valle,+66224+San+Pedro+Garza+Garc%C3%ADa,+N.L.\/@25.6624364,-100.3672587,17z\/data=!3m1!4b1!4m6!3m5!1s0x8662bdf1a660fa5b:0x885032cd9cc73c61!8m2!3d25.6624316!4d-100.3646838!16s%2Fg%2F11mtdk8_v6?hl=es&amp;entry=ttu&amp;g_ep=EgoyMDI1MDEyMC4wIKXMDSoASAFQAw%3D%3D\" target=\"_blank\" rel=\"noopener\"><span class=\"wixui-rich-text__text\">V\u00eda Asinaria 311, Fuentes del Valle, <\/span><span class=\"wixui-rich-text__text\">San Pedro Garza Garc\u00eda, <\/span><span class=\"wixui-rich-text__text\">N.L., M\u00e9xico.<\/span><\/a><\/p>\n<p>[\/et_pb_blurb][\/et_pb_column][\/et_pb_row][\/et_pb_section]<\/p>\n","protected":false},"excerpt":{"rendered":"<p><div class=\"et_pb_module dipi_breadcrumbs dipi_breadcrumbs_0 et_animated\">\n\t\t\t\t\n\t\t\t\t\n\t\t\t\t\n\t\t\t\t\n\t\t\t\t\n\t\t\t\t\n\t\t\t\t<div class=\"et_pb_module_inner\">\n\t\t\t\t\t<div class=\"dipi-breadcrumbs dipi-bc-left\">\n                <ul >\n                    \n                                                        <li  class=\"dipi-breadcrumb-item dipi-breadcrumb-home\">\n\n                                                    <a  href=\"https:\/\/fourhands.mx\">\n                                <span  content=\"Home\">\n                                                                        FOURHANDS                                <\/span>\n                            <\/a>\n\n                                                <meta itemprop=\"position\" content=\"1\"\/>                    <\/li>\n\n                    <li class=\"dipi-breadcrumb-separator\">\n                    <span class=\"et-pb-icon dipi-separator-icon\">$<\/span>\n                <\/li>                            \n                <\/ul>\n            <\/div>\n\t\t\t\t<\/div>\n\t\t\t<\/div>Contact usContact Informationinfo@fourhands.mxV\u00eda Asinaria 311, Fuentes del Valle, San Pedro Garza Garc\u00eda, N.L., M\u00e9xico.<\/p>\n","protected":false},"author":1,"featured_media":0,"parent":0,"menu_order":0,"comment_status":"closed","ping_status":"closed","template":"","meta":{"_et_pb_use_builder":"on","_et_pb_old_content":"","_et_gb_content_width":"","footnotes":""},"dipi_cpt_category":[],"class_list":["post-27004890","page","type-page","status-publish","hentry"],"_links":{"self":[{"href":"https:\/\/fourhands.mx\/index.php\/wp-json\/wp\/v2\/pages\/27004890","targetHints":{"allow":["GET"]}}],"collection":[{"href":"https:\/\/fourhands.mx\/index.php\/wp-json\/wp\/v2\/pages"}],"about":[{"href":"https:\/\/fourhands.mx\/index.php\/wp-json\/wp\/v2\/types\/page"}],"author":[{"embeddable":true,"href":"https:\/\/fourhands.mx\/index.php\/wp-json\/wp\/v2\/users\/1"}],"replies":[{"embeddable":true,"href":"https:\/\/fourhands.mx\/index.php\/wp-json\/wp\/v2\/comments?post=27004890"}],"version-history":[{"count":3,"href":"https:\/\/fourhands.mx\/index.php\/wp-json\/wp\/v2\/pages\/27004890\/revisions"}],"predecessor-version":[{"id":27004921,"href":"https:\/\/fourhands.mx\/index.php\/wp-json\/wp\/v2\/pages\/27004890\/revisions\/27004921"}],"wp:attachment":[{"href":"https:\/\/fourhands.mx\/index.php\/wp-json\/wp\/v2\/media?parent=27004890"}],"wp:term":[{"taxonomy":"dipi_cpt_category","embeddable":true,"href":"https:\/\/fourhands.mx\/index.php\/wp-json\/wp\/v2\/dipi_cpt_category?post=27004890"}],"curies":[{"name":"wp","href":"https:\/\/api.w.org\/{rel}","templated":true}]}}