{"id":255265,"date":"2025-01-28T20:34:57","date_gmt":"2025-01-28T20:34:57","guid":{"rendered":"https:\/\/fourhands.site\/estructura2\/?page_id=255265"},"modified":"2025-03-07T17:46:08","modified_gmt":"2025-03-07T17:46:08","slug":"eventos-actividades-y-ferias-de-salud","status":"publish","type":"page","link":"https:\/\/fourhands.mx\/index.php\/eventos-actividades-y-ferias-de-salud\/","title":{"rendered":"Eventos, Actividades y Ferias de Salud"},"content":{"rendered":"<p>[et_pb_section fb_built=\u00bb1&#8243; custom_padding_last_edited=\u00bbon|phone\u00bb _builder_version=\u00bb4.27.4&#8243; _module_preset=\u00bbdefault\u00bb use_background_color_gradient=\u00bbon\u00bb background_color_gradient_type=\u00bbcircular\u00bb background_color_gradient_direction_radial=\u00bbtop left\u00bb background_color_gradient_stops=\u00bbrgba(5,45,97,0.6) 0%|rgba(5,45,97,0.6) 100%\u00bb background_color_gradient_overlays_image=\u00bbon\u00bb background_image=\u00bbhttps:\/\/fourhands.mx\/wp-content\/uploads\/2025\/02\/3.png\u00bb custom_margin_tablet=\u00bb0px||||false|false\u00bb custom_margin_phone=\u00bb0px||||false|false\u00bb custom_margin_last_edited=\u00bbon|phone\u00bb custom_padding=\u00bb32vh||16vh||false|false\u00bb custom_padding_tablet=\u00bb14vh||12vh||false|false\u00bb custom_padding_phone=\u00bb10vh||10vh||false|false\u00bb bottom_divider_style=\u00bbramp2&#8243; bottom_divider_color=\u00bb#FFFFFF\u00bb bottom_divider_height=\u00bb90px\u00bb bottom_divider_flip=\u00bbhorizontal\u00bb bottom_divider_height_tablet=\u00bb50px\u00bb bottom_divider_height_phone=\u00bb35px\u00bb bottom_divider_height_last_edited=\u00bbon|phone\u00bb border_color_bottom=\u00bb#572A31&#8243; locked=\u00bboff\u00bb global_colors_info=\u00bb{}\u00bb][et_pb_row use_custom_gutter=\u00bbon\u00bb gutter_width=\u00bb2&#8243; make_equal=\u00bbon\u00bb _builder_version=\u00bb4.27.4&#8243; _module_preset=\u00bbdefault\u00bb width=\u00bb100%\u00bb max_width=\u00bb95%\u00bb module_alignment=\u00bbleft\u00bb custom_margin=\u00bb||||false|false\u00bb custom_padding=\u00bb0px|5%|0px|5%|true|false\u00bb border_radii=\u00bboff||||\u00bb global_colors_info=\u00bb{}\u00bb][et_pb_column type=\u00bb4_4&#8243; _builder_version=\u00bb4.27.4&#8243; _module_preset=\u00bbdefault\u00bb background_enable_color=\u00bboff\u00bb custom_padding=\u00bb||||false|false\u00bb custom_css_main_element=\u00bbmargin: auto;\u00bb global_colors_info=\u00bb{}\u00bb][dipi_breadcrumbs bc_home_icon=\u00bboff\u00bb bc_separator_color=\u00bb#FFFFFF\u00bb _builder_version=\u00bb4.27.4&#8243; _module_preset=\u00bbdefault\u00bb items_font=\u00bbMontserrat|500|||||||\u00bb items_text_color=\u00bbrgba(255,255,255,0.85)\u00bb hover_text_color=\u00bb#FFFFFF\u00bb active_text_color=\u00bb#FFFFFF\u00bb custom_margin=\u00bb||1%||false|false\u00bb custom_margin_tablet=\u00bb||1%||false|false\u00bb custom_margin_phone=\u00bb||2%||false|false\u00bb custom_margin_last_edited=\u00bbon|phone\u00bb animation_style=\u00bbslide\u00bb animation_direction=\u00bbtop\u00bb animation_duration=\u00bb1200ms\u00bb animation_intensity_slide=\u00bb10%\u00bb animation_speed_curve=\u00bbease\u00bb global_colors_info=\u00bb{}\u00bb][\/dipi_breadcrumbs][et_pb_text _builder_version=\u00bb4.27.4&#8243; _module_preset=\u00bbdefault\u00bb header_font=\u00bbMontserrat|600|||||||\u00bb header_text_align=\u00bbleft\u00bb header_text_color=\u00bb#FFFFFF\u00bb header_font_size=\u00bb42px\u00bb header_line_height=\u00bb1.4em\u00bb max_width=\u00bb67%\u00bb max_width_tablet=\u00bb100%\u00bb max_width_phone=\u00bb100%\u00bb max_width_last_edited=\u00bbon|phone\u00bb custom_padding=\u00bb0%||0%|1%|false|false\u00bb animation_style=\u00bbfade\u00bb animation_direction=\u00bbright\u00bb animation_duration=\u00bb1200ms\u00bb animation_delay=\u00bb200ms\u00bb animation_speed_curve=\u00bbease\u00bb header_font_size_tablet=\u00bb42px\u00bb header_font_size_phone=\u00bb26px\u00bb header_font_size_last_edited=\u00bbon|phone\u00bb box_shadow_style=\u00bbpreset7&#8243; box_shadow_horizontal=\u00bb-6px\u00bb box_shadow_vertical=\u00bb-6px\u00bb box_shadow_color=\u00bb#AA9396&#8243; box_shadow_horizontal_tablet=\u00bb-6px\u00bb box_shadow_horizontal_phone=\u00bb-4px\u00bb box_shadow_horizontal_last_edited=\u00bbon|phone\u00bb box_shadow_vertical_tablet=\u00bb-6px\u00bb box_shadow_vertical_phone=\u00bb-4px\u00bb box_shadow_vertical_last_edited=\u00bbon|phone\u00bb global_colors_info=\u00bb{}\u00bb]<\/p>\n<h1>Eventos, Actividades y Ferias de Salud<\/h1>\n<p>[\/et_pb_text][\/et_pb_column][\/et_pb_row][\/et_pb_section][et_pb_section fb_built=\u00bb1&#8243; _builder_version=\u00bb4.27.4&#8243; _module_preset=\u00bbdefault\u00bb custom_padding=\u00bb||0px||false|false\u00bb locked=\u00bboff\u00bb global_colors_info=\u00bb{}\u00bb][et_pb_row column_structure=\u00bb1_2,1_2&#8243; use_custom_gutter=\u00bbon\u00bb gutter_width=\u00bb1&#8243; make_equal=\u00bbon\u00bb _builder_version=\u00bb4.27.4&#8243; _module_preset=\u00bbdefault\u00bb width=\u00bb100%\u00bb max_width=\u00bb100%\u00bb max_width_tablet=\u00bb90%\u00bb max_width_phone=\u00bb90%\u00bb max_width_last_edited=\u00bbon|tablet\u00bb module_alignment=\u00bbcenter\u00bb custom_padding=\u00bb0px||0px||true|false\u00bb scroll_fade_enable=\u00bbon\u00bb scroll_fade=\u00bb0|50|50|100|100%|100|10%\u00bb hover_enabled=\u00bb0&#8243; module_alignment_last_edited=\u00bboff|desktop\u00bb global_colors_info=\u00bb{}\u00bb sticky_enabled=\u00bb0&#8243;][et_pb_column type=\u00bb1_2&#8243; _builder_version=\u00bb4.27.4&#8243; _module_preset=\u00bbdefault\u00bb use_background_color_gradient=\u00bbon\u00bb background_color_gradient_type=\u00bbcircular\u00bb background_color_gradient_direction_radial=\u00bbleft\u00bb background_color_gradient_stops=\u00bbrgba(255,255,255,0) 80%|#ffffff 90%\u00bb background_color_gradient_overlays_image=\u00bbon\u00bb background_image=\u00bbhttps:\/\/fourhands.mx\/wp-content\/uploads\/2025\/03\/DAJ12.png\u00bb hover_enabled=\u00bb0&#8243; background_last_edited=\u00bbon|phone\u00bb use_background_color_gradient_tablet=\u00bboff\u00bb custom_css_main_element=\u00bbmargin: auto;\u00bb global_colors_info=\u00bb{}\u00bb sticky_enabled=\u00bb0&#8243;][et_pb_divider show_divider=\u00bboff\u00bb _builder_version=\u00bb4.27.4&#8243; _module_preset=\u00bbdefault\u00bb custom_padding=\u00bb20vh||20vh||true|false\u00bb custom_padding_tablet=\u00bb20vh||20vh||true|false\u00bb custom_padding_phone=\u00bb12vh||12vh||true|false\u00bb custom_padding_last_edited=\u00bbon|tablet\u00bb hover_enabled=\u00bb0&#8243; global_colors_info=\u00bb{}\u00bb sticky_enabled=\u00bb0&#8243;][\/et_pb_divider][\/et_pb_column][et_pb_column type=\u00bb1_2&#8243; _builder_version=\u00bb4.27.4&#8243; _module_preset=\u00bbdefault\u00bb custom_padding=\u00bb3%|5%|3%|0%|true|false\u00bb custom_padding_tablet=\u00bb5%|5%|5%|5%|true|true\u00bb custom_padding_phone=\u00bb7%|5%|7%|5%|true|false\u00bb custom_padding_last_edited=\u00bbon|phone\u00bb custom_css_main_element=\u00bbmargin: auto;\u00bb global_colors_info=\u00bb{}\u00bb][et_pb_text _builder_version=\u00bb4.27.4&#8243; _module_preset=\u00bbdefault\u00bb text_text_color=\u00bb#052D61&#8243; header_font=\u00bbMontserrat|600|||||||\u00bb header_text_color=\u00bb#052D61&#8243; header_font_size=\u00bb26px\u00bb header_line_height=\u00bb1.2em\u00bb custom_margin=\u00bb||1%||false|false\u00bb custom_margin_tablet=\u00bb||1%||false|false\u00bb custom_margin_phone=\u00bb||1%||false|false\u00bb custom_margin_last_edited=\u00bbon|phone\u00bb animation_style=\u00bbslide\u00bb animation_direction=\u00bbright\u00bb animation_duration=\u00bb1200ms\u00bb animation_intensity_slide=\u00bb5%\u00bb animation_speed_curve=\u00bbease\u00bb header_font_size_tablet=\u00bb26px\u00bb header_font_size_phone=\u00bb20px\u00bb header_font_size_last_edited=\u00bbon|phone\u00bb locked=\u00bboff\u00bb global_colors_info=\u00bb{}\u00bb]<\/p>\n<h1>Organizaci\u00f3n de experiencias transformadoras<\/h1>\n<p>[\/et_pb_text][et_pb_divider color=\u00bb#AA9396&#8243; divider_weight=\u00bb3px\u00bb _builder_version=\u00bb4.27.4&#8243; _module_preset=\u00bbdefault\u00bb width=\u00bb10%\u00bb width_tablet=\u00bb10%\u00bb width_phone=\u00bb15%\u00bb width_last_edited=\u00bbon|phone\u00bb custom_margin=\u00bb||0px||false|false\u00bb custom_margin_tablet=\u00bb||0px||false|false\u00bb custom_margin_phone=\u00bb||-1%||false|false\u00bb custom_margin_last_edited=\u00bbon|tablet\u00bb animation_style=\u00bbfade\u00bb animation_direction=\u00bbleft\u00bb animation_duration=\u00bb1800ms\u00bb animation_delay=\u00bb200ms\u00bb animation_speed_curve=\u00bbease\u00bb locked=\u00bboff\u00bb global_colors_info=\u00bb{}\u00bb][\/et_pb_divider][et_pb_text _builder_version=\u00bb4.27.4&#8243; _module_preset=\u00bbdefault\u00bb text_font=\u00bbMontserrat||||||||\u00bb text_text_color=\u00bb#1F1F1F\u00bb text_font_size=\u00bb15px\u00bb background_enable_color=\u00bboff\u00bb background_enable_image=\u00bboff\u00bb background_size=\u00bbcustom\u00bb background_image_width=\u00bb20%\u00bb background_blend=\u00bboverlay\u00bb text_orientation=\u00bbjustified\u00bb custom_margin_tablet=\u00bb||5%||false|false\u00bb custom_margin_phone=\u00bb||5%||false|false\u00bb custom_margin_last_edited=\u00bbon|phone\u00bb animation_style=\u00bbslide\u00bb animation_direction=\u00bbright\u00bb animation_duration=\u00bb1200ms\u00bb animation_delay=\u00bb400ms\u00bb animation_intensity_slide=\u00bb5%\u00bb animation_speed_curve=\u00bbease\u00bb text_font_size_tablet=\u00bb15px\u00bb text_font_size_phone=\u00bb13px\u00bb text_font_size_last_edited=\u00bbon|phone\u00bb locked=\u00bboff\u00bb global_colors_info=\u00bb{}\u00bb]<\/p>\n<p>Dise\u00f1amos y ejecutamos ferias de salud, talleres interactivos, pl\u00e1ticas motivacionales y programas de bienestar personalizados. Estas actividades est\u00e1n enfocadas en generar un impacto tangible en el bienestar f\u00edsico, mental y emocional de tus colaboradores.<\/p>\n<p>[\/et_pb_text][\/et_pb_column][\/et_pb_row][et_pb_row column_structure=\u00bb1_2,1_2&#8243; use_custom_gutter=\u00bbon\u00bb gutter_width=\u00bb1&#8243; make_equal=\u00bbon\u00bb module_class=\u00bbreverse-columns\u00bb _builder_version=\u00bb4.27.4&#8243; _module_preset=\u00bbdefault\u00bb background_color=\u00bb#F4F4F4&#8243; width=\u00bb100%\u00bb max_width=\u00bb100%\u00bb max_width_tablet=\u00bb90%\u00bb max_width_phone=\u00bb90%\u00bb max_width_last_edited=\u00bbon|tablet\u00bb module_alignment=\u00bbcenter\u00bb custom_padding=\u00bb0px||0px||true|false\u00bb scroll_fade_enable=\u00bbon\u00bb scroll_fade=\u00bb0|50|50|100|100%|100|10%\u00bb hover_enabled=\u00bb0&#8243; module_alignment_last_edited=\u00bboff|desktop\u00bb global_colors_info=\u00bb{}\u00bb sticky_enabled=\u00bb0&#8243;][et_pb_column type=\u00bb1_2&#8243; _builder_version=\u00bb4.27.4&#8243; _module_preset=\u00bbdefault\u00bb custom_padding=\u00bb3%|0%|3%|5%|true|false\u00bb custom_padding_tablet=\u00bb5%|5%|5%|5%|true|true\u00bb custom_padding_phone=\u00bb7%|5%|7%|5%|true|false\u00bb custom_padding_last_edited=\u00bbon|phone\u00bb hover_enabled=\u00bb0&#8243; custom_css_main_element=\u00bbmargin: auto;\u00bb global_colors_info=\u00bb{}\u00bb sticky_enabled=\u00bb0&#8243;][et_pb_text _builder_version=\u00bb4.27.4&#8243; _module_preset=\u00bbdefault\u00bb text_text_color=\u00bb#052D61&#8243; header_font=\u00bbMontserrat|600|||||||\u00bb header_text_color=\u00bb#052D61&#8243; header_font_size=\u00bb26px\u00bb header_line_height=\u00bb1.2em\u00bb custom_margin=\u00bb||1%||false|false\u00bb custom_margin_tablet=\u00bb||1%||false|false\u00bb custom_margin_phone=\u00bb||1%||false|false\u00bb custom_margin_last_edited=\u00bbon|phone\u00bb animation_style=\u00bbslide\u00bb animation_direction=\u00bbleft\u00bb animation_duration=\u00bb1200ms\u00bb animation_intensity_slide=\u00bb5%\u00bb animation_speed_curve=\u00bbease\u00bb header_font_size_tablet=\u00bb26px\u00bb header_font_size_phone=\u00bb20px\u00bb header_font_size_last_edited=\u00bbon|phone\u00bb locked=\u00bboff\u00bb global_colors_info=\u00bb{}\u00bb]<\/p>\n<h1>Fomento del engagement y la colaboraci\u00f3n<\/h1>\n<p>[\/et_pb_text][et_pb_divider color=\u00bb#AA9396&#8243; divider_weight=\u00bb3px\u00bb _builder_version=\u00bb4.27.4&#8243; _module_preset=\u00bbdefault\u00bb width=\u00bb10%\u00bb width_tablet=\u00bb10%\u00bb width_phone=\u00bb15%\u00bb width_last_edited=\u00bbon|phone\u00bb custom_margin=\u00bb||0px||false|false\u00bb custom_margin_tablet=\u00bb||0px||false|false\u00bb custom_margin_phone=\u00bb||-1%||false|false\u00bb custom_margin_last_edited=\u00bbon|tablet\u00bb animation_style=\u00bbfade\u00bb animation_direction=\u00bbleft\u00bb animation_duration=\u00bb1800ms\u00bb animation_delay=\u00bb200ms\u00bb animation_speed_curve=\u00bbease\u00bb locked=\u00bboff\u00bb global_colors_info=\u00bb{}\u00bb][\/et_pb_divider][et_pb_text _builder_version=\u00bb4.27.4&#8243; _module_preset=\u00bbdefault\u00bb text_font=\u00bbMontserrat||||||||\u00bb text_text_color=\u00bb#1F1F1F\u00bb text_font_size=\u00bb15px\u00bb background_enable_color=\u00bboff\u00bb background_enable_image=\u00bboff\u00bb background_size=\u00bbcustom\u00bb background_image_width=\u00bb20%\u00bb background_blend=\u00bboverlay\u00bb text_orientation=\u00bbjustified\u00bb custom_margin_tablet=\u00bb||5%||false|false\u00bb custom_margin_phone=\u00bb||5%||false|false\u00bb custom_margin_last_edited=\u00bbon|phone\u00bb animation_style=\u00bbslide\u00bb animation_direction=\u00bbleft\u00bb animation_duration=\u00bb1200ms\u00bb animation_delay=\u00bb400ms\u00bb animation_intensity_slide=\u00bb5%\u00bb animation_speed_curve=\u00bbease\u00bb text_font_size_tablet=\u00bb15px\u00bb text_font_size_phone=\u00bb13px\u00bb text_font_size_last_edited=\u00bbon|phone\u00bb locked=\u00bboff\u00bb global_colors_info=\u00bb{}\u00bb]<\/p>\n<p>A trav\u00e9s de din\u00e1micas cuidadosamente planeadas, promovemos la integraci\u00f3n, el trabajo en equipo y la conexi\u00f3n entre los miembros de tu organizaci\u00f3n, creando un entorno laboral m\u00e1s armonioso y productivo.<\/p>\n<p>[\/et_pb_text][\/et_pb_column][et_pb_column type=\u00bb1_2&#8243; _builder_version=\u00bb4.27.4&#8243; _module_preset=\u00bbdefault\u00bb use_background_color_gradient=\u00bbon\u00bb background_color_gradient_type=\u00bbcircular\u00bb background_color_gradient_direction_radial=\u00bbright\u00bb background_color_gradient_stops=\u00bbrgba(244,244,244,0) 75%|#f4f4f4 90%|#f4f4f4 100%\u00bb background_color_gradient_overlays_image=\u00bbon\u00bb background_image=\u00bbhttps:\/\/fourhands.mx\/wp-content\/uploads\/2025\/03\/DAJ1343.png\u00bb hover_enabled=\u00bb0&#8243; background_last_edited=\u00bbon|phone\u00bb use_background_color_gradient_tablet=\u00bboff\u00bb custom_css_main_element=\u00bbmargin: auto;\u00bb global_colors_info=\u00bb{}\u00bb sticky_enabled=\u00bb0&#8243;][et_pb_divider show_divider=\u00bboff\u00bb _builder_version=\u00bb4.27.4&#8243; _module_preset=\u00bbdefault\u00bb custom_padding=\u00bb20vh||20vh||true|false\u00bb custom_padding_tablet=\u00bb20vh||20vh||true|false\u00bb custom_padding_phone=\u00bb12vh||12vh||true|false\u00bb custom_padding_last_edited=\u00bbon|tablet\u00bb global_colors_info=\u00bb{}\u00bb][\/et_pb_divider][\/et_pb_column][\/et_pb_row][\/et_pb_section]<\/p>\n","protected":false},"excerpt":{"rendered":"<p><div class=\"et_pb_module dipi_breadcrumbs dipi_breadcrumbs_0 et_animated\">\n\t\t\t\t\n\t\t\t\t\n\t\t\t\t\n\t\t\t\t\n\t\t\t\t\n\t\t\t\t\n\t\t\t\t<div class=\"et_pb_module_inner\">\n\t\t\t\t\t<div class=\"dipi-breadcrumbs dipi-bc-left\">\n                <ul >\n                    \n                                                        <li  class=\"dipi-breadcrumb-item dipi-breadcrumb-home\">\n\n                                                    <a  href=\"https:\/\/fourhands.mx\">\n                                <span  content=\"Home\">\n                                                                        FOURHANDS                                <\/span>\n                            <\/a>\n\n                                                <meta itemprop=\"position\" content=\"1\"\/>                    <\/li>\n\n                    <li class=\"dipi-breadcrumb-separator\">\n                    <span class=\"et-pb-icon dipi-separator-icon\">$<\/span>\n                <\/li>                            \n                <\/ul>\n            <\/div>\n\t\t\t\t<\/div>\n\t\t\t<\/div>Eventos, Actividades y Ferias de SaludOrganizaci\u00f3n de experiencias transformadorasDise\u00f1amos y ejecutamos ferias de salud, talleres interactivos, pl\u00e1ticas motivacionales y programas de bienestar personalizados. Estas actividades est\u00e1n enfocadas en generar un impacto tangible en el bienestar f\u00edsico, mental [&hellip;]<\/p>\n","protected":false},"author":1,"featured_media":0,"parent":0,"menu_order":0,"comment_status":"closed","ping_status":"closed","template":"","meta":{"_et_pb_use_builder":"on","_et_pb_old_content":"","_et_gb_content_width":"","footnotes":""},"dipi_cpt_category":[],"class_list":["post-255265","page","type-page","status-publish","hentry"],"_links":{"self":[{"href":"https:\/\/fourhands.mx\/index.php\/wp-json\/wp\/v2\/pages\/255265","targetHints":{"allow":["GET"]}}],"collection":[{"href":"https:\/\/fourhands.mx\/index.php\/wp-json\/wp\/v2\/pages"}],"about":[{"href":"https:\/\/fourhands.mx\/index.php\/wp-json\/wp\/v2\/types\/page"}],"author":[{"embeddable":true,"href":"https:\/\/fourhands.mx\/index.php\/wp-json\/wp\/v2\/users\/1"}],"replies":[{"embeddable":true,"href":"https:\/\/fourhands.mx\/index.php\/wp-json\/wp\/v2\/comments?post=255265"}],"version-history":[{"count":6,"href":"https:\/\/fourhands.mx\/index.php\/wp-json\/wp\/v2\/pages\/255265\/revisions"}],"predecessor-version":[{"id":27004973,"href":"https:\/\/fourhands.mx\/index.php\/wp-json\/wp\/v2\/pages\/255265\/revisions\/27004973"}],"wp:attachment":[{"href":"https:\/\/fourhands.mx\/index.php\/wp-json\/wp\/v2\/media?parent=255265"}],"wp:term":[{"taxonomy":"dipi_cpt_category","embeddable":true,"href":"https:\/\/fourhands.mx\/index.php\/wp-json\/wp\/v2\/dipi_cpt_category?post=255265"}],"curies":[{"name":"wp","href":"https:\/\/api.w.org\/{rel}","templated":true}]}}